{"id":23,"date":"2011-07-05T17:17:06","date_gmt":"2011-07-05T15:17:06","guid":{"rendered":"http:\/\/magicentrepreneur.com\/?page_id=23"},"modified":"2011-08-29T18:50:45","modified_gmt":"2011-08-29T16:50:45","slug":"qui-pourquoi","status":"publish","type":"page","link":"https:\/\/magicentrepreneur.com\/?page_id=23","title":{"rendered":"Qui &#038; pourquoi"},"content":{"rendered":"<p>Je suis entrepreneur depuis plusieurs ann\u00e9es maintenant.<\/p>\n<p>J&rsquo;ai voulu communiquer ici, la r\u00e9alit\u00e9 du quotidien d&rsquo;une petite bo\u00eete.<\/p>\n<p>Tous les propos que j&rsquo;avance sont parfaitement vrais, sans att\u00e9nuation ni exag\u00e9ration, je n&rsquo;en cache que les noms pour garder la confidentialit\u00e9 de tous. M\u00eame si certaines situations me r\u00e9voltent ou me donnent un enthousiasme d\u00e9bordant, je m&rsquo;efforce d&rsquo;\u00eatre le plus objectif possible, le plus scientifique.<\/p>\n<p>Je me base chaque jour sur une exp\u00e9rience v\u00e9cue afin de ne pas partir avec une id\u00e9e pr\u00e9con\u00e7ue sur un sujet. Je suis las de la presse \u00e9crite en France pour cette raison. J\u2019ai essay\u00e9 d\u2019\u00e9viter cet \u00e9cueil et ce n\u2019est pas si \u00e9vident, raconter sa vie d\u2019entrepreneur c\u2019est un travail quasi journalistique, le bon travail journalistique passe par une enqu\u00eate de fonds et longue, antinomique avec la r\u00e9daction quotidienne d\u2019un blog.<\/p>\n<p>J&rsquo;essaie de faire part de toutes mes impressions m\u00eame si le temps ne m&rsquo;en laisse pas souvent le loisir.<\/p>\n<p>Toutes les infos que je donne ici sont librement commentables, copiables, recopiables&#8230; en esp\u00e9rant que ce que je raconte soit utile \u00e0 tous.<\/p>\n<p>J&rsquo;esp\u00e8re que vous aurez des commentaires pertinents \u00e0 faire, des choses \u00e0 ajouter, bref que les heures pass\u00e9es \u00e0 \u00e9crire aboutiront \u00e0 quelque chose d&rsquo;utile, d&rsquo;efficace comme on aime, nous les entrepreneurs.<\/p>\n<p>Mon v\u0153u le plus cher, c\u2019est que mon exp\u00e9rience puisse \u00eatre utilis\u00e9e et  compl\u00e9t\u00e9e par d\u2019autres et qu\u2019au final ceux qui peuvent changer les  choses entendent les id\u00e9es qui fonctionnent, les soucis qui paralysent,  les situations qui r\u00e9voltent.<\/p>\n","protected":false},"excerpt":{"rendered":"<p>Je suis entrepreneur depuis plusieurs ann\u00e9es maintenant. J&rsquo;ai voulu communiquer ici, la r\u00e9alit\u00e9 du quotidien d&rsquo;une petite bo\u00eete. Tous les propos que j&rsquo;avance sont parfaitement vrais, sans att\u00e9nuation ni exag\u00e9ration, je n&rsquo;en cache que les noms pour garder la confidentialit\u00e9 &hellip; <a href=\"https:\/\/magicentrepreneur.com\/?page_id=23\">Continuer la lecture <span class=\"meta-nav\">&rarr;<\/span><\/a><\/p>\n","protected":false},"author":2,"featured_media":0,"parent":0,"menu_order":0,"comment_status":"open","ping_status":"open","template":"","meta":[],"_links":{"self":[{"href":"https:\/\/magicentrepreneur.com\/index.php?rest_route=\/wp\/v2\/pages\/23"}],"collection":[{"href":"https:\/\/magicentrepreneur.com\/index.php?rest_route=\/wp\/v2\/pages"}],"about":[{"href":"https:\/\/magicentrepreneur.com\/index.php?rest_route=\/wp\/v2\/types\/page"}],"author":[{"embeddable":true,"href":"https:\/\/magicentrepreneur.com\/index.php?rest_route=\/wp\/v2\/users\/2"}],"replies":[{"embeddable":true,"href":"https:\/\/magicentrepreneur.com\/index.php?rest_route=%2Fwp%2Fv2%2Fcomments&post=23"}],"version-history":[{"count":4,"href":"https:\/\/magicentrepreneur.com\/index.php?rest_route=\/wp\/v2\/pages\/23\/revisions"}],"predecessor-version":[{"id":308,"href":"https:\/\/magicentrepreneur.com\/index.php?rest_route=\/wp\/v2\/pages\/23\/revisions\/308"}],"wp:attachment":[{"href":"https:\/\/magicentrepreneur.com\/index.php?rest_route=%2Fwp%2Fv2%2Fmedia&parent=23"}],"curies":[{"name":"wp","href":"https:\/\/api.w.org\/{rel}","templated":true}]}}